{"id":3,"date":"2021-04-22T14:45:45","date_gmt":"2021-04-22T14:45:45","guid":{"rendered":"https:\/\/purppurasydan.marianela.fi\/?page_id=3"},"modified":"2022-12-27T18:51:13","modified_gmt":"2022-12-27T16:51:13","slug":"privacy-policy","status":"publish","type":"page","link":"https:\/\/purppurasydan.marianela.fi\/index.php\/privacy-policy\/","title":{"rendered":"Tietosuojaseloste"},"content":{"rendered":"\t\t<div data-elementor-type=\"wp-page\" data-elementor-id=\"3\" class=\"elementor elementor-3\">\n\t\t\t\t\t\t<section class=\"elementor-section elementor-top-section elementor-element elementor-element-230e2ea1 elementor-section-boxed elementor-section-height-default elementor-section-height-default\" data-id=\"230e2ea1\" data-element_type=\"section\" data-e-type=\"section\">\n\t\t\t\t\t\t<div class=\"elementor-container elementor-column-gap-default\">\n\t\t\t\t\t<div class=\"elementor-column elementor-col-100 elementor-top-column elementor-element elementor-element-cb0a60c\" data-id=\"cb0a60c\" data-element_type=\"column\" data-e-type=\"column\">\n\t\t\t<div class=\"elementor-widget-wrap elementor-element-populated\">\n\t\t\t\t\t\t<div class=\"elementor-element elementor-element-3558f933 elementor-widget elementor-widget-text-editor\" data-id=\"3558f933\" data-element_type=\"widget\" data-e-type=\"widget\" data-widget_type=\"text-editor.default\">\n\t\t\t\t<div class=\"elementor-widget-container\">\n\t\t\t\t\t\t\t\t\t<div class=\"entry-content-wrap\">\n<div class=\"entry-content single-content\">\n<p>T\u00e4ll\u00e4\u00a0<em>tietosuojaselosteella<\/em> kuvaamme asiakkaidemme henkil\u00f6tietojen k\u00e4sittelyn ja haluamme tiedottaa siit\u00e4 asiakkaitamme. Asiakkaan on hyv\u00e4ksytt\u00e4v\u00e4 t\u00e4m\u00e4n tietosuojaselosteen ehdot, jotta h\u00e4n voi k\u00e4ytt\u00e4\u00e4 Purppurasyd\u00e4men palveluita.\u00a0Ker\u00e4\u00e4mme vain asiakkaiden itsens\u00e4 antamia tietoja.<\/p>\n<\/div>\n<\/div>\n<p><strong>Yhteystiedot:<\/strong><\/p>\n<div class=\"entry-content-wrap\">\n<div class=\"entry-content single-content\">\n<ul>\n<li>Purppurasyd\u00e4n, Mari Tuominen<\/li>\n<li>Y-tunnus: 2040540-0<\/li>\n<li>Osoite: Louhimokatu 14 A 5, 13100 H\u00e4meenlinna<\/li>\n<li>S\u00e4hk\u00f6postiosoite: mari.tuominen (a) gmail.com (korvaa (a) @-merkill\u00e4, kun l\u00e4het\u00e4t s\u00e4hk\u00f6postia)<\/li>\n<\/ul>\n<ul>\n<li>Henkil\u00f6tietolain \u00a719 mukainen asiakasrekisteri<\/li>\n<li>Asiakasrekisteri koostuu\u00a0 asiakkaiden yhteystiedoista.<\/li>\n<\/ul>\n<p>Asiakastiedot saadaan s\u00e4\u00e4nn\u00f6nmukaisesti:<\/p>\n<ul>\n<li>asiakkaalta itselt\u00e4\u00e4n asiakassuhteen syntyess\u00e4.<\/li>\n<li><span style=\"font-size: 16px;\">Henkilo\u0308tietojen ka\u0308sittely perustuu asiakkuuteen ja sopimussuhteesen.<\/span><\/li>\n<\/ul>\n<p>Henkilo\u0308tietoja voidaan ka\u0308sitella\u0308 sopimusvelvoitteiden ta\u0308ytta\u0308miseen ja palvelun toteuttamiseen seka\u0308 muuhun yhteydenpitoon.<\/p>\n<p>Asiakkaasta voidaan tallentaa nimi ja tarpeelliset yhteystiedot, kuten osoite, puhelinnumero ja sa\u0308hko\u0308postiosoite.\u00a0 Mit\u00e4\u00e4n tarpeetonta tietoa ei ker\u00e4t\u00e4 eik\u00e4 Purppurasyd\u00e4n ker\u00e4\u00e4 mit\u00e4\u00e4n arkaluontoista tietoa asiakkaista (esim. uskonto).<\/p>\n<p>\u00a0Mik\u00e4li asiakas haluaa varmistaa kaikkien tietojensa poistamisen\u00a0 viipym\u00e4tt\u00e4 asiakassuhteen p\u00e4\u00e4ttyess\u00e4, tulee h\u00e4nen olla yhteydess\u00e4 rekisterinpit\u00e4j\u00e4\u00e4n.<\/p>\n<p>Asiakkaiden tietoja s\u00e4ilytet\u00e4\u00e4n niin kauan kuin kuin se on lakis\u00e4\u00e4teisesti pakollista. Rekisterinpit\u00e4j\u00e4ll\u00e4 on velvollisuus s\u00e4ilytt\u00e4\u00e4 kirjanpitoaineisto Kirjanpitolaissa (luku 2, 10 \u00a7) m\u00e4\u00e4ritellyn ajan (10 vuotta) mukaisesti. T\u00e4m\u00e4n vuoksi kirjanpitoon liittyv\u00e4\u00e4 aineistoa ei voida poistaa ennen m\u00e4\u00e4r\u00e4ajan umpeutumista.\u00a0<br \/>Henkilo\u0308tietoja ei luovuteta ulkopuolisille tahoille markkinointi,- myynti-, mielipide- tai markkinatutkimustarkoituksiin.<\/p>\n<p>Luovuttaminen muihin tarkoituksiin on kuitenkin mahdollista perusteltua ka\u0308ytto\u0308tarkoitusta varten, kuten tilitoimiston kirjatessa maksutapahtumia tai Suomen lakien mukaisesti viranomaisille niin pyydett\u00e4ess\u00e4.<br \/>Yritys k\u00e4ytt\u00e4\u00e4 aina suojattua yhteytt\u00e4, kun k\u00e4sittelee henkil\u00f6tietoja ja yrityksen tietoliikenne on salattua.<\/p>\n<p>Rekisteri on asianmukaisesti suojattuna rekisterinpita\u0308ja\u0308n tiloissa tai asianmukaisesti suojatulla palvelimella ja palvelussa, jonka tietosuojan taso on m\u00e4\u00e4r\u00e4ysten mukainen.<\/p>\n<p>Kaikki yrityksen k\u00e4ytt\u00e4m\u00e4t laitteet (kannettavat tietokoneet, tabletit ja puhelimet) on suojattu yksil\u00f6llisill\u00e4 salasanoilla.<\/p>\n<p>Rekisterinpita\u0308ja\u0308 ilmoittaa mahdollisista tietoturvaloukkauksista suoraan viranomaisille tai ka\u0308ytta\u0308ja\u0308lle soveltuvan lainsa\u0308a\u0308da\u0308nno\u0308n mukaisesti.<br \/>Jokaisella on pa\u0308a\u0308sa\u0308a\u0308nto\u0308isesti oikeus tarkastaa henkilo\u0308rekisteriin talletetut tietonsa. Tarkastuspyynno\u0308t osoitetaan rekisterinpita\u0308ja\u0308n yhteyshenkilo\u0308lle ylla\u0308 olevilla yhteystiedoilla ja rekistero\u0308idyn allekirjoituksella varustettuna kirjallisesti tai sa\u0308hko\u0308isesti.<\/p>\n<p>Jokaisella on oikeus vaatia henkilo\u0308rekisterissa\u0308 olevan virheellisen tiedon korjaamista tai vaatia tietojensa poistamista. Pyynto\u0308 osoitetaan rekisterinpita\u0308ja\u0308n yhteyshenkilo\u0308lle ylla\u0308 olevilla yhteystiedoilla ja rekistero\u0308idyn allekirjoituksella varustettuna kirjallisesti tai sa\u0308hko\u0308isesti. Henkil\u00f6ll\u00e4 on oikeus tulla unohdetuksi eli h\u00e4nen tietonsa voidaan poistaa rekistereist\u00e4 siin\u00e4 laajuudessa kuin se muiden lakien osalta on mahdollista (Rekisterinpit\u00e4j\u00e4ll\u00e4 on velvollisuus s\u00e4ilytt\u00e4\u00e4 kirjanpitoaineisto Kirjanpitolaissa (luku 2, 10 \u00a7) m\u00e4\u00e4ritellyn ajan (10 vuotta) mukaisesti. T\u00e4m\u00e4n vuoksi kirjanpitoon liittyv\u00e4\u00e4 aineistoa ei voida poistaa ennen m\u00e4\u00e4r\u00e4ajan umpeutumista.<\/p>\n<p>Rekistero\u0308idylla\u0308 on oikeus pyyta\u0308a\u0308 tietonsa siirretta\u0308va\u0308ksi sa\u0308hko\u0308isessa\u0308 muodossa toiselle palveluntarjoajalle.<br \/>Rekistero\u0308idylla\u0308 on oikeus peruuttaa henkilo\u0308tietojen ka\u0308sittelyyn antamansa suostumus. Rekistero\u0308idylla\u0308 on oikeus kielta\u0308a\u0308 tietojensa ka\u0308ytta\u0308minen suoramainontaa, eta\u0308myyntia\u0308 ja muuta suoramarkkinointia seka\u0308 markkina- ja mielipidetutkimusta varten.<\/p>\n<p>Rekistero\u0308idyn pyynto\u0308, suostumuksen peruutus ja kielto osoitetaan rekisterinpita\u0308ja\u0308n yhteyshenkilo\u0308lle ylla\u0308 olevilla yhteystiedoilla ja rekistero\u0308idyn allekirjoituksella varustettuna kirjallisesti tai sa\u0308hko\u0308isesti.<\/p>\n<p>Rekisterinpita\u0308ja\u0308 sa\u0308ilytta\u0308a\u0308 muita rekistero\u0308ityja\u0308 henkilo\u0308tietoja kulloinkin voimassaolevan lainsa\u0308a\u0308da\u0308nno\u0308n mukaisesti ja vain niin kauan, kuin niiden sa\u0308ilytta\u0308minen on tarpeen ta\u0308ssa\u0308 tietosuojaselosteessa kuvattujen tarkoitusten toteuttamiseksi.<\/p>\n<p>Tietoja voidaan sa\u0308ilytta\u0308a\u0308 kirjanpito-, tai muusta pakottavasta lainsa\u0308a\u0308da\u0308nno\u0308sta\u0308 johtuen kyseisen lain sa\u0308a\u0308nno\u0308sten mukaisesti myo\u0308s asiakassuhteen tai muun henkilo\u0308tietojen ka\u0308sittelyperusteen pa\u0308a\u0308ttymisen ja\u0308lkeen.<\/p>\n<p>Mik\u00e4\u00e4n tiedonsiirtomenetelm\u00e4 tai s\u00e4hk\u00f6inen tallennusmuoto ei ole sataprosenttisen turvalllinen eik\u00e4 inhimillisten virheiden poissulkeminen ole k\u00e4yt\u00e4nn\u00f6ss\u00e4 koskaan t\u00e4ysin mahdollista. Purppurasyd\u00e4n tekee kaikkensa, jotta sen rekisterit olisivat turvassa. Mik\u00e4li kaikista ponnisteluista huolimatta tietoturvallisuutta loukataan, ilmoitetaan rikkomuksesta viipym\u00e4tt\u00e4 sek\u00e4 viranomaisille ett\u00e4 asianosaisille.<\/p>\n<p>Ev\u00e4ste (cookie) on pieni tekstitiedosto, jonka internetselain tallentaa k\u00e4ytt\u00e4j\u00e4n laitteelle.\u00a0<\/p>\n<p>Voit selaimesi asetuksista hallinnoida, haluatko, ett\u00e4 selaimesi tallentaa ev\u00e4steit\u00e4. Ota huomioon, ett\u00e4 mik\u00e4li et salli ev\u00e4steit\u00e4, ei verkkosivu v\u00e4ltt\u00e4m\u00e4tt\u00e4 toimi toivotulla tavalla. Voit my\u00f6s\u00a0 Purppurasyd\u00e4men sivuille saapuessasi hyv\u00e4ksy\u00e4 tai hyl\u00e4t\u00e4 ev\u00e4steiden tallentamisen.<\/p>\n<p>\u00a0Sivuston k\u00e4ytt\u00e4j\u00e4n tulee itse hyv\u00e4ksy\u00e4 jokaisen sivuston ev\u00e4steet itse tai varmistaa, ett\u00e4 selaimen yksityisyysasetukset ovat halutulla tasolla. Mik\u00e4li k\u00e4ytt\u00e4j\u00e4 ei hyv\u00e4ksy, ett\u00e4 h\u00e4nest\u00e4 ker\u00e4t\u00e4\u00e4n tietoja, kyseisen sivuston k\u00e4ytt\u00f6 tulee v\u00e4litt\u00f6m\u00e4sti lopettaa.<\/p>\n<p>Jos haluat poistaa ev\u00e4steit\u00e4 selaimesta tai est\u00e4\u00e4 niiden k\u00e4yt\u00f6n, sinulla on siihen t\u00e4ysi oikeus. Sinun kannattaa tutustua selaimesi asetuksiin, koska toimenpiteet ovat aina selainkohtaisia.\u00a0<br \/>Tietosuoja- ja rekisteriseloste tarkistetaan kerran vuosinelj\u00e4nneksess\u00e4, miss\u00e4 yhteydess\u00e4 ne voivat muuttua. Merkitt\u00e4vist\u00e4 muutoksista tiedotetaan heti p\u00e4ivityksen yhteydess\u00e4 asiakasrekisteriss\u00e4 olevia henkil\u00f6it\u00e4. K\u00e4ytt\u00e4m\u00e4ll\u00e4 sivustoja hyv\u00e4ksyt automaattisesti uuden tietosuojan ja rekisteriselosteen. Mik\u00e4li et hyv\u00e4ksy, sivustojen k\u00e4ytt\u00f6 tulee v\u00e4litt\u00f6m\u00e4sti lopettaa.<\/p>\n<p>Tietosuojaseloste astuu voimaan viimeist\u00e4\u00e4n 2.2.2023.<br \/>K\u00e4ytt\u00e4j\u00e4ll\u00e4 on oikeus tehd\u00e4 valitus, mik\u00e4li h\u00e4n on tyytym\u00e4t\u00f6n yritykselle l\u00e4hett\u00e4m\u00e4ns\u00e4 valituksen k\u00e4sittelyyn. Valitus tehd\u00e4\u00e4n valvontaviranomaiselle. http:\/\/www.tietosuoja.fi\/fi\/index\/yhteystiedot.html<\/p>\n<p>Henkil\u00f6tietolain (523\/1999) 10\u00a7:n mukainen rekisteriseloste.<\/p>\n<h3><strong>REKISTERINPIT\u00c4J\u00c4<\/strong><\/h3>\n<p>Purppurasyd\u00e4n, Louhimokatu 14 A 5, 13100 H\u00e4meenlinna<\/p>\n<h3><strong>YHTEYSTIEDOT REKISTERI\u00c4 KOSKEVISSA ASIOISSA<\/strong><\/h3>\n<p><span style=\"font-size: 16px;\">mari.tuominen (a) gmail.com, p. 050 4321 361<\/span><\/p>\n<h3><strong>REKISTERIN NIMI<\/strong><\/h3>\n<p>Purppurasyd\u00e4men asiakasrekisterin rekisteriseloste<\/p>\n<h3><strong>HENKIL\u00d6TIETOJEN K\u00c4SITTELYN TARKOITUS<\/strong><\/h3>\n<p>Rekisterin k\u00e4ytt\u00f6tarkoitus on Purppurasyd\u00e4men asiakasrekisterin yll\u00e4pit\u00e4minen.\u00a0<\/p>\n<h3><strong>REKISTERIN TIETOSIS\u00c4LT\u00d6<\/strong><\/h3>\n<p>Rekisteri sis\u00e4lt\u00e4\u00e4 seuraavat tiedot:<\/p>\n<ul>\n<li>Nimi<\/li>\n<li>Osoite<\/li>\n<li>Puhelinnumero<\/li>\n<li>S\u00e4hk\u00f6posti<\/li>\n<\/ul>\n<h3><strong>TIETOJEN S\u00c4\u00c4NN\u00d6NMUKAISET LUOVUTUKSET<\/strong><\/h3>\n<p>Tietoja ei luovuteta kolmansille osapuolille.<\/p>\n<p>Tietoja voidaan luovuttaa n\u00e4ht\u00e4v\u00e4ksi rekisteriss\u00e4 oleville henkil\u00f6ille tarkistusta varten. Tiedot voidaan poistaa j\u00e4rjestelm\u00e4st\u00e4 pyydett\u00e4ess\u00e4.<\/p>\n<\/div>\n<\/div>\t\t\t\t\t\t\t\t<\/div>\n\t\t\t\t<\/div>\n\t\t\t\t\t<\/div>\n\t\t<\/div>\n\t\t\t\t\t<\/div>\n\t\t<\/section>\n\t\t\t\t<\/div>\n\t\t","protected":false},"excerpt":{"rendered":"<p>T\u00e4ll\u00e4\u00a0tietosuojaselosteella kuvaamme asiakkaidemme henkil\u00f6tietojen k\u00e4sittelyn ja haluamme tiedottaa siit\u00e4 asiakkaitamme. Asiakkaan on hyv\u00e4ksytt\u00e4v\u00e4 t\u00e4m\u00e4n tietosuojaselosteen ehdot, jotta h\u00e4n voi k\u00e4ytt\u00e4\u00e4 Purppurasyd\u00e4men palveluita.\u00a0Ker\u00e4\u00e4mme vain asiakkaiden itsens\u00e4 antamia tietoja. Yhteystiedot: Purppurasyd\u00e4n, Mari Tuominen Y-tunnus: 2040540-0 Osoite: Louhimokatu 14 A 5, 13100 H\u00e4meenlinna S\u00e4hk\u00f6postiosoite: mari.tuominen (a) gmail.com (korvaa (a) @-merkill\u00e4, kun l\u00e4het\u00e4t s\u00e4hk\u00f6postia) Henkil\u00f6tietolain \u00a719 mukainen asiakasrekisteri Asiakasrekisteri [&hellip;]<\/p>\n","protected":false},"author":1,"featured_media":0,"parent":0,"menu_order":0,"comment_status":"closed","ping_status":"open","template":"","meta":{"site-sidebar-layout":"default","site-content-layout":"","ast-site-content-layout":"default","site-content-style":"default","site-sidebar-style":"default","ast-global-header-display":"","ast-banner-title-visibility":"","ast-main-header-display":"","ast-hfb-above-header-display":"","ast-hfb-below-header-display":"","ast-hfb-mobile-header-display":"","site-post-title":"","ast-breadcrumbs-content":"","ast-featured-img":"","footer-sml-layout":"","ast-disable-related-posts":"","theme-transparent-header-meta":"","adv-header-id-meta":"","stick-header-meta":"","header-above-stick-meta":"","header-main-stick-meta":"","header-below-stick-meta":"","astra-migrate-meta-layouts":"default","ast-page-background-enabled":"default","ast-page-background-meta":{"desktop":{"background-color":"","background-image":"","background-repeat":"repeat","background-position":"center center","background-size":"auto","background-attachment":"scroll","background-type":"","background-media":"","overlay-type":"","overlay-color":"","overlay-opacity":"","overlay-gradient":""},"tablet":{"background-color":"","background-image":"","background-repeat":"repeat","background-position":"center center","background-size":"auto","background-attachment":"scroll","background-type":"","background-media":"","overlay-type":"","overlay-color":"","overlay-opacity":"","overlay-gradient":""},"mobile":{"background-color":"","background-image":"","background-repeat":"repeat","background-position":"center center","background-size":"auto","background-attachment":"scroll","background-type":"","background-media":"","overlay-type":"","overlay-color":"","overlay-opacity":"","overlay-gradient":""}},"ast-content-background-meta":{"desktop":{"background-color":"var(--ast-global-color-5)","background-image":"","background-repeat":"repeat","background-position":"center center","background-size":"auto","background-attachment":"scroll","background-type":"","background-media":"","overlay-type":"","overlay-color":"","overlay-opacity":"","overlay-gradient":""},"tablet":{"background-color":"var(--ast-global-color-5)","background-image":"","background-repeat":"repeat","background-position":"center center","background-size":"auto","background-attachment":"scroll","background-type":"","background-media":"","overlay-type":"","overlay-color":"","overlay-opacity":"","overlay-gradient":""},"mobile":{"background-color":"var(--ast-global-color-5)","background-image":"","background-repeat":"repeat","background-position":"center center","background-size":"auto","background-attachment":"scroll","background-type":"","background-media":"","overlay-type":"","overlay-color":"","overlay-opacity":"","overlay-gradient":""}},"footnotes":""},"class_list":["post-3","page","type-page","status-publish","hentry"],"_links":{"self":[{"href":"https:\/\/purppurasydan.marianela.fi\/index.php\/wp-json\/wp\/v2\/pages\/3","targetHints":{"allow":["GET"]}}],"collection":[{"href":"https:\/\/purppurasydan.marianela.fi\/index.php\/wp-json\/wp\/v2\/pages"}],"about":[{"href":"https:\/\/purppurasydan.marianela.fi\/index.php\/wp-json\/wp\/v2\/types\/page"}],"author":[{"embeddable":true,"href":"https:\/\/purppurasydan.marianela.fi\/index.php\/wp-json\/wp\/v2\/users\/1"}],"replies":[{"embeddable":true,"href":"https:\/\/purppurasydan.marianela.fi\/index.php\/wp-json\/wp\/v2\/comments?post=3"}],"version-history":[{"count":14,"href":"https:\/\/purppurasydan.marianela.fi\/index.php\/wp-json\/wp\/v2\/pages\/3\/revisions"}],"predecessor-version":[{"id":750,"href":"https:\/\/purppurasydan.marianela.fi\/index.php\/wp-json\/wp\/v2\/pages\/3\/revisions\/750"}],"wp:attachment":[{"href":"https:\/\/purppurasydan.marianela.fi\/index.php\/wp-json\/wp\/v2\/media?parent=3"}],"curies":[{"name":"wp","href":"https:\/\/api.w.org\/{rel}","templated":true}]}}